{"id":537,"date":"2020-06-01T22:00:23","date_gmt":"2020-06-01T22:00:23","guid":{"rendered":"http:\/\/www.webquarto.com.br\/blog\/?page_id=537"},"modified":"2020-06-01T22:00:23","modified_gmt":"2020-06-01T22:00:23","slug":"moradia-compartilhada","status":"publish","type":"page","link":"https:\/\/www.webquarto.com.br\/blog\/moradia-compartilhada\/","title":{"rendered":"Moradia compartilhada"},"content":{"rendered":"<p>[vc_row][vc_column width=&#8221;1\/2&#8243;][vc_column_text single_style=&#8221;&#8221;]Est\u00e1 pensando em morar em uma moradia compartilhada para reduzir um pouco dos gastos? Confira nesse post tudo que voc\u00ea precisa saber sobre esse assunto antes de se mudar![\/vc_column_text][\/vc_column][vc_column width=&#8221;1\/2&#8243;][vc_single_image image=&#8221;542&#8243;][\/vc_column][\/vc_row][vc_row][vc_column][vc_column_text single_style=&#8221;&#8221;]<\/p>\n<h2>Moradia compartilhada, entenda o que \u00e9<\/h2>\n<p>Essa t\u00e3o famosa moradia compartilhada \u00e9 quando pessoas que n\u00e3o necessariamente s\u00e3o da mesma fam\u00edlia resolvem dividir uma casa ou apartamento para compartilhar o espa\u00e7o, as despesas, as tarefas dom\u00e9sticas e claro, \u00e9 \u00f3bvio, bons momentos.<\/p>\n<h2>Vantagens nesse tipo de moradia<\/h2>\n<h4>Custo do aluguel reduzido<\/h4>\n<p>Manter um im\u00f3vel sozinho hoje em dia requer uma boa estabilidade financeira, principalmente em grandes cidades. \u00c9 gasto com aluguel, \u00e1gua, luz, condom\u00ednio, mercado, IPTU, manuten\u00e7\u00e3o, entre outras coisas, vish, s\u00e3o contas que n\u00e3o acabam mais, sendo assim, uma boa alternativa para voc\u00ea diminuir os gastos \u00e9 optar por moradias compartilhadas.<\/p>\n<h4>Voc\u00ea aprende a lidar com as diferen\u00e7as entre pessoas<\/h4>\n<p>Quando voc\u00ea tem que compartilhar sua casa com pessoas que n\u00e3o conhece, ou que n\u00e3o s\u00e3o da sua fam\u00edlia, voc\u00ea aprende a lidar com conflitos de uma forma totalmente diferente. Voc\u00ea se torna mais tolerante e maduro para lidar com as situa\u00e7\u00f5es de conflito, voc\u00ea pode amadurecer muito em uma moradia compartilhada.<\/p>\n<h4>Desperd\u00edcio de comida? Nunca mais!<\/h4>\n<p>Pode analisar que muitos produtos de mercado que compramos quando moramos sozinhos acabam indo para o lixo, muitos vezes a gente n\u00e3o da conta de comer tudo sozinho, tendo algu\u00e9m que mora junto voc\u00ea pode compartilhar algo que n\u00e3o queira mais comer e que est\u00e1 pr\u00f3ximo de ser jogado fora.<\/p>\n<h4>Voc\u00ea pode fazer novas amizades<\/h4>\n<p>Por mais que voc\u00ea seja uma pessoa mais solit\u00e1ria, chegar todos os dias em casa e n\u00e3o ter ningu\u00e9m para conversar pode ser bem deprimente. Al\u00e9m de que por esse motivo, de se sentir sozinho, voc\u00ea pode acabar saindo muito mais de casa e gastando bem mais do que o necess\u00e1rio.<\/p>\n<h4>Moradia compartilhada = responsabilidades compartilhadas<\/h4>\n<p>Manter uma casa limpa e organizada d\u00e1 muito trabalho, varrer o ch\u00e3o, passar pano,lavar o banheiro, tirar o p\u00f3, limpar as janelas, lavar a lou\u00e7a, as tarefas s\u00e3o in\u00fameras, n\u00e3o acabam por a\u00ed, o bom de\u00a0 dividir um local \u00e9 que voc\u00eas dividem as tarefas tamb\u00e9m.<\/p>\n<h2>Procure a moradia compartilhada que mais combine com o seu perfil<\/h2>\n<p>Procure estabelecer suas pr\u00f3prias regras, aquelas coisas que sejam importantes para voc\u00ea. Se voc\u00ea \u00e9 uma pessoa que valoriza o sossego por exemplo, voc\u00ea vai querer morar em um lugar onde os moradores n\u00e3o fa\u00e7am festas. Se voc\u00ea tem alergia a gatos e cachorros, encontre uma casa onde animais de estima\u00e7\u00e3o sejam proibidos, e assim por diante, leve em conta tudo que \u00e9 importante para voc\u00ea!<\/p>\n<p><strong>E a\u00ed, gostou das nossas dicas?<\/strong>\u00a0<strong>Independente de qual for a sua situa\u00e7\u00e3o\u00a0 saiba que a\u00a0<a href=\"https:\/\/www.webquarto.com.br\/\">WebQuarto<\/a>\u00a0\u00e9 uma plataforma completa para te ajudar a se conectar com seu pr\u00f3ximo espa\u00e7o ou com outras pessoas.<\/strong>[\/vc_column_text][\/vc_column][\/vc_row]<\/p>\n","protected":false},"excerpt":{"rendered":"<p>[vc_row][vc_column width=&#8221;1\/2&#8243;][vc_column_text single_style=&#8221;&#8221;]Est\u00e1 pensando em morar em uma moradia compartilhada para reduzir um pouco dos gastos? Confira nesse post tudo que voc\u00ea precisa saber sobre esse assunto antes de se mudar![\/vc_column_text][\/vc_column][vc_column width=&#8221;1\/2&#8243;][vc_single_image image=&#8221;542&#8243;][\/vc_column][\/vc_row][vc_row][vc_column][vc_column_text single_style=&#8221;&#8221;] Moradia compartilhada, entenda o que \u00e9 Essa t\u00e3o famosa moradia compartilhada \u00e9 quando pessoas que n\u00e3o necessariamente s\u00e3o da mesma fam\u00edlia<\/p>\n","protected":false},"author":3,"featured_media":0,"parent":0,"menu_order":0,"comment_status":"closed","ping_status":"closed","template":"page-blocks.php","meta":{"_monsterinsights_skip_tracking":false,"_monsterinsights_sitenote_active":false,"_monsterinsights_sitenote_note":"","_monsterinsights_sitenote_category":0},"yoast_head":"<!-- This site is optimized with the Yoast SEO plugin v19.1 - https:\/\/yoast.com\/wordpress\/plugins\/seo\/ -->\n<title>Moradia compartilhada - WebQuarto<\/title>\n<meta name=\"description\" content=\"Est\u00e1 pensando em morar em uma moradia compartilhada para reduzir um pouco dos gastos? Confira nesse post algumas dicas antes de se mudar!\" \/>\n<meta name=\"robots\" content=\"index, follow, max-snippet:-1, max-image-preview:large, max-video-preview:-1\" \/>\n<link rel=\"canonical\" href=\"https:\/\/www.webquarto.com.br\/blog\/moradia-compartilhada\/\" \/>\n<meta property=\"og:locale\" content=\"pt_BR\" \/>\n<meta property=\"og:type\" content=\"article\" \/>\n<meta property=\"og:title\" content=\"Moradia compartilhada - WebQuarto\" \/>\n<meta property=\"og:description\" content=\"Est\u00e1 pensando em morar em uma moradia compartilhada para reduzir um pouco dos gastos? Confira nesse post algumas dicas antes de se mudar!\" \/>\n<meta property=\"og:url\" content=\"https:\/\/www.webquarto.com.br\/blog\/moradia-compartilhada\/\" \/>\n<meta property=\"og:site_name\" content=\"WebQuarto\" \/>\n<meta name=\"twitter:label1\" content=\"Est. tempo de leitura\" \/>\n\t<meta name=\"twitter:data1\" content=\"3 minutos\" \/>\n<script type=\"application\/ld+json\" class=\"yoast-schema-graph\">{\"@context\":\"https:\/\/schema.org\",\"@graph\":[{\"@type\":\"WebSite\",\"@id\":\"https:\/\/www.webquarto.com.br\/blog\/#website\",\"url\":\"https:\/\/www.webquarto.com.br\/blog\/\",\"name\":\"WebQuarto\",\"description\":\"Encontre quartos e apartamentos para dividir em todo o Brasil!\",\"potentialAction\":[{\"@type\":\"SearchAction\",\"target\":{\"@type\":\"EntryPoint\",\"urlTemplate\":\"https:\/\/www.webquarto.com.br\/blog\/?s={search_term_string}\"},\"query-input\":\"required name=search_term_string\"}],\"inLanguage\":\"pt-BR\"},{\"@type\":\"WebPage\",\"@id\":\"https:\/\/www.webquarto.com.br\/blog\/moradia-compartilhada\/#webpage\",\"url\":\"https:\/\/www.webquarto.com.br\/blog\/moradia-compartilhada\/\",\"name\":\"Moradia compartilhada - WebQuarto\",\"isPartOf\":{\"@id\":\"https:\/\/www.webquarto.com.br\/blog\/#website\"},\"datePublished\":\"2020-06-01T22:00:23+00:00\",\"dateModified\":\"2020-06-01T22:00:23+00:00\",\"description\":\"Est\u00e1 pensando em morar em uma moradia compartilhada para reduzir um pouco dos gastos? Confira nesse post algumas dicas antes de se mudar!\",\"breadcrumb\":{\"@id\":\"https:\/\/www.webquarto.com.br\/blog\/moradia-compartilhada\/#breadcrumb\"},\"inLanguage\":\"pt-BR\",\"potentialAction\":[{\"@type\":\"ReadAction\",\"target\":[\"https:\/\/www.webquarto.com.br\/blog\/moradia-compartilhada\/\"]}]},{\"@type\":\"BreadcrumbList\",\"@id\":\"https:\/\/www.webquarto.com.br\/blog\/moradia-compartilhada\/#breadcrumb\",\"itemListElement\":[{\"@type\":\"ListItem\",\"position\":1,\"name\":\"In\u00edcio\",\"item\":\"https:\/\/www.webquarto.com.br\/blog\/\"},{\"@type\":\"ListItem\",\"position\":2,\"name\":\"Moradia compartilhada\"}]}]}<\/script>\n<!-- \/ Yoast SEO plugin. -->","yoast_head_json":{"title":"Moradia compartilhada - WebQuarto","description":"Est\u00e1 pensando em morar em uma moradia compartilhada para reduzir um pouco dos gastos? Confira nesse post algumas dicas antes de se mudar!","robots":{"index":"index","follow":"follow","max-snippet":"max-snippet:-1","max-image-preview":"max-image-preview:large","max-video-preview":"max-video-preview:-1"},"canonical":"https:\/\/www.webquarto.com.br\/blog\/moradia-compartilhada\/","og_locale":"pt_BR","og_type":"article","og_title":"Moradia compartilhada - WebQuarto","og_description":"Est\u00e1 pensando em morar em uma moradia compartilhada para reduzir um pouco dos gastos? Confira nesse post algumas dicas antes de se mudar!","og_url":"https:\/\/www.webquarto.com.br\/blog\/moradia-compartilhada\/","og_site_name":"WebQuarto","twitter_misc":{"Est. tempo de leitura":"3 minutos"},"schema":{"@context":"https:\/\/schema.org","@graph":[{"@type":"WebSite","@id":"https:\/\/www.webquarto.com.br\/blog\/#website","url":"https:\/\/www.webquarto.com.br\/blog\/","name":"WebQuarto","description":"Encontre quartos e apartamentos para dividir em todo o Brasil!","potentialAction":[{"@type":"SearchAction","target":{"@type":"EntryPoint","urlTemplate":"https:\/\/www.webquarto.com.br\/blog\/?s={search_term_string}"},"query-input":"required name=search_term_string"}],"inLanguage":"pt-BR"},{"@type":"WebPage","@id":"https:\/\/www.webquarto.com.br\/blog\/moradia-compartilhada\/#webpage","url":"https:\/\/www.webquarto.com.br\/blog\/moradia-compartilhada\/","name":"Moradia compartilhada - WebQuarto","isPartOf":{"@id":"https:\/\/www.webquarto.com.br\/blog\/#website"},"datePublished":"2020-06-01T22:00:23+00:00","dateModified":"2020-06-01T22:00:23+00:00","description":"Est\u00e1 pensando em morar em uma moradia compartilhada para reduzir um pouco dos gastos? Confira nesse post algumas dicas antes de se mudar!","breadcrumb":{"@id":"https:\/\/www.webquarto.com.br\/blog\/moradia-compartilhada\/#breadcrumb"},"inLanguage":"pt-BR","potentialAction":[{"@type":"ReadAction","target":["https:\/\/www.webquarto.com.br\/blog\/moradia-compartilhada\/"]}]},{"@type":"BreadcrumbList","@id":"https:\/\/www.webquarto.com.br\/blog\/moradia-compartilhada\/#breadcrumb","itemListElement":[{"@type":"ListItem","position":1,"name":"In\u00edcio","item":"https:\/\/www.webquarto.com.br\/blog\/"},{"@type":"ListItem","position":2,"name":"Moradia compartilhada"}]}]}},"_links":{"self":[{"href":"https:\/\/www.webquarto.com.br\/blog\/wp-json\/wp\/v2\/pages\/537"}],"collection":[{"href":"https:\/\/www.webquarto.com.br\/blog\/wp-json\/wp\/v2\/pages"}],"about":[{"href":"https:\/\/www.webquarto.com.br\/blog\/wp-json\/wp\/v2\/types\/page"}],"author":[{"embeddable":true,"href":"https:\/\/www.webquarto.com.br\/blog\/wp-json\/wp\/v2\/users\/3"}],"replies":[{"embeddable":true,"href":"https:\/\/www.webquarto.com.br\/blog\/wp-json\/wp\/v2\/comments?post=537"}],"version-history":[{"count":4,"href":"https:\/\/www.webquarto.com.br\/blog\/wp-json\/wp\/v2\/pages\/537\/revisions"}],"predecessor-version":[{"id":545,"href":"https:\/\/www.webquarto.com.br\/blog\/wp-json\/wp\/v2\/pages\/537\/revisions\/545"}],"wp:attachment":[{"href":"https:\/\/www.webquarto.com.br\/blog\/wp-json\/wp\/v2\/media?parent=537"}],"curies":[{"name":"wp","href":"https:\/\/api.w.org\/{rel}","templated":true}]}}