{"id":567,"date":"2020-06-08T13:43:38","date_gmt":"2020-06-08T13:43:38","guid":{"rendered":"http:\/\/www.webquarto.com.br\/blog\/?page_id=567"},"modified":"2020-06-08T13:43:38","modified_gmt":"2020-06-08T13:43:38","slug":"controle-seus-gastos-morando-sozinho","status":"publish","type":"page","link":"https:\/\/www.webquarto.com.br\/blog\/controle-seus-gastos-morando-sozinho\/","title":{"rendered":"Controle seus gastos morando sozinho"},"content":{"rendered":"<p>[vc_row][vc_column width=&#8221;1\/2&#8243;][vc_column_text single_style=&#8221;&#8221;]Morar sozinho para a grande maioria das pessoas \u00e9 um grande sonho. Por\u00e9m, depois que a empolga\u00e7\u00e3o de ter o seu pr\u00f3prio cantinho passa, come\u00e7a a chegar os boletos e a\u00ed se voc\u00ea for desorganizado com as suas finan\u00e7as pode bater aquele desespero.[\/vc_column_text][\/vc_column][vc_column width=&#8221;1\/2&#8243;][vc_single_image image=&#8221;568&#8243; img_size=&#8221;&#8221;][\/vc_column][\/vc_row][vc_row][vc_column][vc_column_text single_style=&#8221;&#8221;]Foi pensando nesse tipo de situa\u00e7\u00e3o que fizemos esse post, para te ajudar a saber controlar seus gastos morando sozinho.<\/p>\n<h2>Tenha uma planilha mensal com todos os seus gastos<\/h2>\n<p>O primeiro passo para quem quer reduzir despesas \u00e9 fazer uma planilha de gastos. Coloque o quanto voc\u00ea ganha e o quanto voc\u00ea gasta, n\u00e3o esquecendo de separar as suas despesas por categoria. Com esses dados em m\u00e3os, voc\u00ea poder\u00e1 ter uma no\u00e7\u00e3o real de onde poder\u00e1 economizar.<\/p>\n<h2>Mantenha apenas pequenas despesas<\/h2>\n<p>Quando se mora sozinho, os pequenos gastos de cada dia fazem toda a diferen\u00e7a. O caf\u00e9zinho que voc\u00ea toma na padaria antes de ir para o trabalho, o sorvetinho depois do almo\u00e7o, a bala e o chicletes de todo santo dia. Todas estas pequenas despesas podem impactar no seu or\u00e7amento. Ent\u00e3o gaste conscientemente e voc\u00ea ver\u00e1 a diferen\u00e7a no final do m\u00eas.<\/p>\n<h2>Coisas em que voc\u00ea pode economizar, o famoso \u201cfa\u00e7a voc\u00ea mesmo\u201d<\/h2>\n<p>Uma das grandes vantagens de morar sozinho \u00e9 que a limpeza do apartamento costuma ser bem simples. Para quem quer economizar, vale a pena abrir m\u00e3o de uma diarista e colocar a m\u00e3o na massa para fazer a faxina. Outra coisa que voc\u00ea mesmo pode fazer e economizar \u00e9 a sua pr\u00f3pria comida ao inv\u00e9s de gastar sempre pedindo e comprando pronto.<\/p>\n<h2>Corte gastos com sup\u00e9rfluos<\/h2>\n<p dir=\"ltr\">Voc\u00ea precisa mesmo do melhor pacote de TV por assinatura? Vale a pena assinar um jornal que voc\u00ea mal folheia durante a semana? Para economizar, \u00e9 preciso mudar alguns h\u00e1bitos, ainda mais quando se mora sozinho. Mude seu plano de TV por uma op\u00e7\u00e3o mais barata, assine a vers\u00e3o digital do jornal e corte todo os gastos desnecess\u00e1rios que puder. No final do m\u00eas pode ter certeza que seu bolso agradecer\u00e1.<\/p>\n<h2><strong>Consumo consciente<\/strong><\/h2>\n<p dir=\"ltr\">Desligar a TV antes de dormir, n\u00e3o deixar todas as luzes da casa acesa e fechar a \u00e1gua da torneira quando escova os dentes, s\u00e3o atitudes simples mas que far\u00e3o total diferen\u00e7a no fim do m\u00eas. O consumo consciente, mais do que uma preocupa\u00e7\u00e3o com o meio ambiente, \u00e9 uma necessidade para quem mora s\u00f3.<\/p>\n<p dir=\"ltr\"><strong>Gostou do nosso post? E voc\u00ea est\u00e1 a procura de um novo local para morar? Ou est\u00e1 a procura de um colega para dividir um apartamento? Independente de qual for a sua situa\u00e7\u00e3o\u00a0 saiba que a\u00a0<a href=\"https:\/\/www.webquarto.com.br\/\">WebQuarto<\/a>\u00a0\u00e9 uma plataforma completa para te ajudar a se conectar com seu pr\u00f3ximo espa\u00e7o.\u00a0<\/strong><\/p>\n<p>[\/vc_column_text][\/vc_column][\/vc_row]<\/p>\n","protected":false},"excerpt":{"rendered":"<p>[vc_row][vc_column width=&#8221;1\/2&#8243;][vc_column_text single_style=&#8221;&#8221;]Morar sozinho para a grande maioria das pessoas \u00e9 um grande sonho. Por\u00e9m, depois que a empolga\u00e7\u00e3o de ter o seu pr\u00f3prio cantinho passa, come\u00e7a a chegar os boletos e a\u00ed se voc\u00ea for desorganizado com as suas finan\u00e7as pode bater aquele desespero.[\/vc_column_text][\/vc_column][vc_column width=&#8221;1\/2&#8243;][vc_single_image image=&#8221;568&#8243; img_size=&#8221;&#8221;][\/vc_column][\/vc_row][vc_row][vc_column][vc_column_text single_style=&#8221;&#8221;]Foi pensando nesse tipo de situa\u00e7\u00e3o que<\/p>\n","protected":false},"author":3,"featured_media":0,"parent":0,"menu_order":0,"comment_status":"closed","ping_status":"closed","template":"page-blocks.php","meta":{"_monsterinsights_skip_tracking":false,"_monsterinsights_sitenote_active":false,"_monsterinsights_sitenote_note":"","_monsterinsights_sitenote_category":0},"yoast_head":"<!-- This site is optimized with the Yoast SEO plugin v19.1 - https:\/\/yoast.com\/wordpress\/plugins\/seo\/ -->\n<title>Controle seus gastos morando sozinho - WebQuarto<\/title>\n<meta name=\"robots\" content=\"index, follow, max-snippet:-1, max-image-preview:large, max-video-preview:-1\" \/>\n<link rel=\"canonical\" href=\"https:\/\/www.webquarto.com.br\/blog\/controle-seus-gastos-morando-sozinho\/\" \/>\n<meta property=\"og:locale\" content=\"pt_BR\" \/>\n<meta property=\"og:type\" content=\"article\" \/>\n<meta property=\"og:title\" content=\"Controle seus gastos morando sozinho - WebQuarto\" \/>\n<meta property=\"og:description\" content=\"[vc_row][vc_column width=&#8221;1\/2&#8243;][vc_column_text single_style=&#8221;&#8221;]Morar sozinho para a grande maioria das pessoas \u00e9 um grande sonho. Por\u00e9m, depois que a empolga\u00e7\u00e3o de ter o seu pr\u00f3prio cantinho passa, come\u00e7a a chegar os boletos e a\u00ed se voc\u00ea for desorganizado com as suas finan\u00e7as pode bater aquele desespero.[\/vc_column_text][\/vc_column][vc_column width=&#8221;1\/2&#8243;][vc_single_image image=&#8221;568&#8243; img_size=&#8221;&#8221;][\/vc_column][\/vc_row][vc_row][vc_column][vc_column_text single_style=&#8221;&#8221;]Foi pensando nesse tipo de situa\u00e7\u00e3o que\" \/>\n<meta property=\"og:url\" content=\"https:\/\/www.webquarto.com.br\/blog\/controle-seus-gastos-morando-sozinho\/\" \/>\n<meta property=\"og:site_name\" content=\"WebQuarto\" \/>\n<meta name=\"twitter:label1\" content=\"Est. tempo de leitura\" \/>\n\t<meta name=\"twitter:data1\" content=\"3 minutos\" \/>\n<script type=\"application\/ld+json\" class=\"yoast-schema-graph\">{\"@context\":\"https:\/\/schema.org\",\"@graph\":[{\"@type\":\"WebSite\",\"@id\":\"https:\/\/www.webquarto.com.br\/blog\/#website\",\"url\":\"https:\/\/www.webquarto.com.br\/blog\/\",\"name\":\"WebQuarto\",\"description\":\"Encontre quartos e apartamentos para dividir em todo o Brasil!\",\"potentialAction\":[{\"@type\":\"SearchAction\",\"target\":{\"@type\":\"EntryPoint\",\"urlTemplate\":\"https:\/\/www.webquarto.com.br\/blog\/?s={search_term_string}\"},\"query-input\":\"required name=search_term_string\"}],\"inLanguage\":\"pt-BR\"},{\"@type\":\"WebPage\",\"@id\":\"https:\/\/www.webquarto.com.br\/blog\/controle-seus-gastos-morando-sozinho\/#webpage\",\"url\":\"https:\/\/www.webquarto.com.br\/blog\/controle-seus-gastos-morando-sozinho\/\",\"name\":\"Controle seus gastos morando sozinho - WebQuarto\",\"isPartOf\":{\"@id\":\"https:\/\/www.webquarto.com.br\/blog\/#website\"},\"datePublished\":\"2020-06-08T13:43:38+00:00\",\"dateModified\":\"2020-06-08T13:43:38+00:00\",\"breadcrumb\":{\"@id\":\"https:\/\/www.webquarto.com.br\/blog\/controle-seus-gastos-morando-sozinho\/#breadcrumb\"},\"inLanguage\":\"pt-BR\",\"potentialAction\":[{\"@type\":\"ReadAction\",\"target\":[\"https:\/\/www.webquarto.com.br\/blog\/controle-seus-gastos-morando-sozinho\/\"]}]},{\"@type\":\"BreadcrumbList\",\"@id\":\"https:\/\/www.webquarto.com.br\/blog\/controle-seus-gastos-morando-sozinho\/#breadcrumb\",\"itemListElement\":[{\"@type\":\"ListItem\",\"position\":1,\"name\":\"In\u00edcio\",\"item\":\"https:\/\/www.webquarto.com.br\/blog\/\"},{\"@type\":\"ListItem\",\"position\":2,\"name\":\"Controle seus gastos morando sozinho\"}]}]}<\/script>\n<!-- \/ Yoast SEO plugin. -->","yoast_head_json":{"title":"Controle seus gastos morando sozinho - WebQuarto","robots":{"index":"index","follow":"follow","max-snippet":"max-snippet:-1","max-image-preview":"max-image-preview:large","max-video-preview":"max-video-preview:-1"},"canonical":"https:\/\/www.webquarto.com.br\/blog\/controle-seus-gastos-morando-sozinho\/","og_locale":"pt_BR","og_type":"article","og_title":"Controle seus gastos morando sozinho - WebQuarto","og_description":"[vc_row][vc_column width=&#8221;1\/2&#8243;][vc_column_text single_style=&#8221;&#8221;]Morar sozinho para a grande maioria das pessoas \u00e9 um grande sonho. Por\u00e9m, depois que a empolga\u00e7\u00e3o de ter o seu pr\u00f3prio cantinho passa, come\u00e7a a chegar os boletos e a\u00ed se voc\u00ea for desorganizado com as suas finan\u00e7as pode bater aquele desespero.[\/vc_column_text][\/vc_column][vc_column width=&#8221;1\/2&#8243;][vc_single_image image=&#8221;568&#8243; img_size=&#8221;&#8221;][\/vc_column][\/vc_row][vc_row][vc_column][vc_column_text single_style=&#8221;&#8221;]Foi pensando nesse tipo de situa\u00e7\u00e3o que","og_url":"https:\/\/www.webquarto.com.br\/blog\/controle-seus-gastos-morando-sozinho\/","og_site_name":"WebQuarto","twitter_misc":{"Est. tempo de leitura":"3 minutos"},"schema":{"@context":"https:\/\/schema.org","@graph":[{"@type":"WebSite","@id":"https:\/\/www.webquarto.com.br\/blog\/#website","url":"https:\/\/www.webquarto.com.br\/blog\/","name":"WebQuarto","description":"Encontre quartos e apartamentos para dividir em todo o Brasil!","potentialAction":[{"@type":"SearchAction","target":{"@type":"EntryPoint","urlTemplate":"https:\/\/www.webquarto.com.br\/blog\/?s={search_term_string}"},"query-input":"required name=search_term_string"}],"inLanguage":"pt-BR"},{"@type":"WebPage","@id":"https:\/\/www.webquarto.com.br\/blog\/controle-seus-gastos-morando-sozinho\/#webpage","url":"https:\/\/www.webquarto.com.br\/blog\/controle-seus-gastos-morando-sozinho\/","name":"Controle seus gastos morando sozinho - WebQuarto","isPartOf":{"@id":"https:\/\/www.webquarto.com.br\/blog\/#website"},"datePublished":"2020-06-08T13:43:38+00:00","dateModified":"2020-06-08T13:43:38+00:00","breadcrumb":{"@id":"https:\/\/www.webquarto.com.br\/blog\/controle-seus-gastos-morando-sozinho\/#breadcrumb"},"inLanguage":"pt-BR","potentialAction":[{"@type":"ReadAction","target":["https:\/\/www.webquarto.com.br\/blog\/controle-seus-gastos-morando-sozinho\/"]}]},{"@type":"BreadcrumbList","@id":"https:\/\/www.webquarto.com.br\/blog\/controle-seus-gastos-morando-sozinho\/#breadcrumb","itemListElement":[{"@type":"ListItem","position":1,"name":"In\u00edcio","item":"https:\/\/www.webquarto.com.br\/blog\/"},{"@type":"ListItem","position":2,"name":"Controle seus gastos morando sozinho"}]}]}},"_links":{"self":[{"href":"https:\/\/www.webquarto.com.br\/blog\/wp-json\/wp\/v2\/pages\/567"}],"collection":[{"href":"https:\/\/www.webquarto.com.br\/blog\/wp-json\/wp\/v2\/pages"}],"about":[{"href":"https:\/\/www.webquarto.com.br\/blog\/wp-json\/wp\/v2\/types\/page"}],"author":[{"embeddable":true,"href":"https:\/\/www.webquarto.com.br\/blog\/wp-json\/wp\/v2\/users\/3"}],"replies":[{"embeddable":true,"href":"https:\/\/www.webquarto.com.br\/blog\/wp-json\/wp\/v2\/comments?post=567"}],"version-history":[{"count":2,"href":"https:\/\/www.webquarto.com.br\/blog\/wp-json\/wp\/v2\/pages\/567\/revisions"}],"predecessor-version":[{"id":571,"href":"https:\/\/www.webquarto.com.br\/blog\/wp-json\/wp\/v2\/pages\/567\/revisions\/571"}],"wp:attachment":[{"href":"https:\/\/www.webquarto.com.br\/blog\/wp-json\/wp\/v2\/media?parent=567"}],"curies":[{"name":"wp","href":"https:\/\/api.w.org\/{rel}","templated":true}]}}