{"id":592,"date":"2020-07-16T18:49:03","date_gmt":"2020-07-16T18:49:03","guid":{"rendered":"http:\/\/www.webquarto.com.br\/blog\/?page_id=592"},"modified":"2020-07-16T18:49:03","modified_gmt":"2020-07-16T18:49:03","slug":"procurando-pessoas-interessadas-em-dividir-aluguel","status":"publish","type":"page","link":"https:\/\/www.webquarto.com.br\/blog\/procurando-pessoas-interessadas-em-dividir-aluguel\/","title":{"rendered":"Procurando pessoas interessadas em dividir aluguel"},"content":{"rendered":"<p>[vc_row][vc_column width=&#8221;1\/2&#8243;][vc_column_text single_style=&#8221;&#8221;]Est\u00e1 pensando em procurar pessoas para dividir aluguel mas n\u00e3o sabe por onde come\u00e7ar? Ent\u00e3o confira nossas dicas![\/vc_column_text][\/vc_column][vc_column width=&#8221;1\/2&#8243;][vc_single_image image=&#8221;598&#8243; img_size=&#8221;&#8221;][\/vc_column][\/vc_row][vc_row][vc_column][vc_column_text single_style=&#8221;&#8221;]<\/p>\n<h2>Dividir aluguel ou morar sozinho?<\/h2>\n<p>Essa pergunta parece bem \u00f3bvia n\u00e3o \u00e9 mesmo? As despesas com moradia representam nossos maiores gastos na maioria das vezes. E n\u00e3o \u00e9 \u00e0 toa, j\u00e1 que s\u00e3o muitas quest\u00f5es relacionadas ao im\u00f3vel que precisam de aten\u00e7\u00e3o: aluguel, presta\u00e7\u00e3o do financiamento do im\u00f3vel, taxa de condom\u00ednio, IPTU, al\u00e9m dos valores de seguros-fian\u00e7a para quem est\u00e1 sozinho e n\u00e3o tem um fiador, que podem custar at\u00e9 3 meses de aluguel e devem ser pagos adiantadamente.<\/p>\n<p>E n\u00e3o para por a\u00ed: ainda \u00e9 preciso considerar os custos de energia, \u00e1gua, limpeza e manuten\u00e7\u00e3o do im\u00f3vel, por exemplo. Levando em considera\u00e7\u00e3o todas essas quest\u00f5es n\u00e3o fica dif\u00edcil entender as grandes vantagens de dividir um im\u00f3vel, al\u00e9m disso voc\u00ea pode estar criando uma \u00f3tima amizade, afinal ficam sempre sozinho as vezes \u00e9 meio tedioso.<\/p>\n<p>Mas por onde come\u00e7ar a procurar pessoas interessadas em dividir aluguel? Se voc\u00ea j\u00e1 se convenceu de que \u00e9 vi\u00e1vel dividir um im\u00f3vel, saiba que s\u00e3o in\u00fameros os locais para encontrar mais pessoas interessadas em dividir o aluguel, vai desde redes sociais at\u00e9 os sites pr\u00f3prios para isso.<\/p>\n<h2>Sites que te ajudam a encontrar colegas de quarto<\/h2>\n<p>O objetivo desses sites \u00e9 geralmente promover o encontro de quem tem um quarto vago e quer preench\u00ea-lo com quem procura um lugar para ficar. Na maioria dos sites, voc\u00ea preenche um cadastro com suas caracter\u00edsticas, como se voc\u00ea estuda, trabalha, fuma, tem filhos ou animais de estima\u00e7\u00e3o, qual \u00e9 o seu n\u00edvel de organiza\u00e7\u00e3o e se voc\u00ea prefere sossego ou agito.<\/p>\n<p>O perfil de quem busca pessoas para dividir despesas \u00e9 bem diversificado, \u00e9 poss\u00edvel encontrar desde estudantes que acabaram de entrar na faculdade e est\u00e3o se mudando para fazer o curso at\u00e9 pessoas que mudaram de cidade a trabalho e ainda n\u00e3o se situaram no novo local ou jovens que est\u00e3o saindo agora da casa dos pais.<\/p>\n<p>J\u00e1 os an\u00fancios, normalmente incluem fotos e especifica\u00e7\u00f5es dos im\u00f3veis, como n\u00famero de banheiros, e quartos, al\u00e9m de informarem sobre a presen\u00e7a ou aus\u00eancia de facilidades como internet, TV a cabo e faxineira. Os gastos tamb\u00e9m costumam ser compartilhados entre os moradores e informados nos an\u00fancios, o que torna ainda mais vantajoso dividir uma moradia.<\/p>\n<h2>Como dividir um im\u00f3vel sem conhecer a pessoa?<\/h2>\n<h4>Primeiro passo: cadastre-se em algum site de confian\u00e7a<\/h4>\n<p>Para come\u00e7ar a sua busca, procure sites que conectam pessoas interessadas em dividir um apartamento e veja com qual voc\u00ea se identifica mais, ou qual apresenta as op\u00e7\u00f5es que voc\u00ea prefere.\u00a0 Uma \u00f3tima op\u00e7\u00e3o \u00e9 a\u00a0<strong>\u00a0<a href=\"https:\/\/www.webquarto.com.br\/\">WebQuarto<\/a><\/strong>\u00a0que \u00e9 uma plataforma bem completa e segura para te ajudar a se conectar com pessoas que combinem com voc\u00ea e com o seu pr\u00f3ximo espa\u00e7o.<\/p>\n<h4>Segundo passo: analise seu or\u00e7amento<\/h4>\n<p>Apesar de diminuir bastante os custos dividindo um im\u00f3vel, voc\u00ea ainda ter\u00e1 bastante coisas com que gastar, al\u00e9m disso, outras pessoas est\u00e3o confiando em voc\u00ea e depender\u00e3o de voc\u00ea para pagar as contas, ent\u00e3o, evite se comprometer com locais que cheguem bem perto do seu or\u00e7amento mensal.<\/p>\n<h4>Terceiro passo: esteja sempre atento<\/h4>\n<p>Voc\u00ea vai estar lidando com pessoas desconhecidas, ent\u00e3o todo cuidado \u00e9 pouco: proteja-se\u00a0fazendo contratos e pedindo garantias.<\/p>\n<h4>Quarto passo: esteja sempre atento aos detalhes<\/h4>\n<p>O im\u00f3vel tem\u00a0<a href=\"https:\/\/www.vivareal.com.br\/blog\/curiosidades\/como-funciona-o-aluguel-de-garagem-em-apartamentos\/\" target=\"_blank\" rel=\"noopener noreferrer\">garagem<\/a>? \u00c9 mobiliado? Caso n\u00e3o seja, veja se os m\u00f3veis que voc\u00ea deseja colocar cabem ou conseguem passar pelas portas. Se tiver animais de estima\u00e7\u00e3o, atente-se para restri\u00e7\u00f5es tamb\u00e9m.<\/p>\n<p><strong>Gostou do nosso post? E voc\u00ea est\u00e1 a procura de um novo local para morar? Ou est\u00e1 a procura de um colega para dividir um apartamento? Independente de qual for a sua situa\u00e7\u00e3o\u00a0 saiba que a\u00a0<a href=\"https:\/\/www.webquarto.com.br\/\">WebQuarto<\/a>\u00a0\u00e9 uma plataforma completa para te ajudar a se conectar com seu pr\u00f3ximo espa\u00e7o.<\/strong>[\/vc_column_text][\/vc_column][\/vc_row]<\/p>\n","protected":false},"excerpt":{"rendered":"<p>[vc_row][vc_column width=&#8221;1\/2&#8243;][vc_column_text single_style=&#8221;&#8221;]Est\u00e1 pensando em procurar pessoas para dividir aluguel mas n\u00e3o sabe por onde come\u00e7ar? Ent\u00e3o confira nossas dicas![\/vc_column_text][\/vc_column][vc_column width=&#8221;1\/2&#8243;][vc_single_image image=&#8221;598&#8243; img_size=&#8221;&#8221;][\/vc_column][\/vc_row][vc_row][vc_column][vc_column_text single_style=&#8221;&#8221;] Dividir aluguel ou morar sozinho? Essa pergunta parece bem \u00f3bvia n\u00e3o \u00e9 mesmo? As despesas com moradia representam nossos maiores gastos na maioria das vezes. E n\u00e3o \u00e9 \u00e0 toa, j\u00e1<\/p>\n","protected":false},"author":3,"featured_media":0,"parent":0,"menu_order":0,"comment_status":"closed","ping_status":"closed","template":"page-blocks.php","meta":{"_monsterinsights_skip_tracking":false,"_monsterinsights_sitenote_active":false,"_monsterinsights_sitenote_note":"","_monsterinsights_sitenote_category":0},"yoast_head":"<!-- This site is optimized with the Yoast SEO plugin v19.1 - https:\/\/yoast.com\/wordpress\/plugins\/seo\/ -->\n<title>Procurando pessoas interessadas em dividir aluguel - WebQuarto<\/title>\n<meta name=\"description\" content=\"Est\u00e1 pensando em procurar pessoas para dividir aluguel mas n\u00e3o sabe por onde come\u00e7ar? Ent\u00e3o confira as nossas dicas!\" \/>\n<meta name=\"robots\" content=\"index, follow, max-snippet:-1, max-image-preview:large, max-video-preview:-1\" \/>\n<link rel=\"canonical\" href=\"https:\/\/www.webquarto.com.br\/blog\/procurando-pessoas-interessadas-em-dividir-aluguel\/\" \/>\n<meta property=\"og:locale\" content=\"pt_BR\" \/>\n<meta property=\"og:type\" content=\"article\" \/>\n<meta property=\"og:title\" content=\"Procurando pessoas interessadas em dividir aluguel - WebQuarto\" \/>\n<meta property=\"og:description\" content=\"Est\u00e1 pensando em procurar pessoas para dividir aluguel mas n\u00e3o sabe por onde come\u00e7ar? Ent\u00e3o confira as nossas dicas!\" \/>\n<meta property=\"og:url\" content=\"https:\/\/www.webquarto.com.br\/blog\/procurando-pessoas-interessadas-em-dividir-aluguel\/\" \/>\n<meta property=\"og:site_name\" content=\"WebQuarto\" \/>\n<meta name=\"twitter:label1\" content=\"Est. tempo de leitura\" \/>\n\t<meta name=\"twitter:data1\" content=\"4 minutos\" \/>\n<script type=\"application\/ld+json\" class=\"yoast-schema-graph\">{\"@context\":\"https:\/\/schema.org\",\"@graph\":[{\"@type\":\"WebSite\",\"@id\":\"https:\/\/www.webquarto.com.br\/blog\/#website\",\"url\":\"https:\/\/www.webquarto.com.br\/blog\/\",\"name\":\"WebQuarto\",\"description\":\"Encontre quartos e apartamentos para dividir em todo o Brasil!\",\"potentialAction\":[{\"@type\":\"SearchAction\",\"target\":{\"@type\":\"EntryPoint\",\"urlTemplate\":\"https:\/\/www.webquarto.com.br\/blog\/?s={search_term_string}\"},\"query-input\":\"required name=search_term_string\"}],\"inLanguage\":\"pt-BR\"},{\"@type\":\"WebPage\",\"@id\":\"https:\/\/www.webquarto.com.br\/blog\/procurando-pessoas-interessadas-em-dividir-aluguel\/#webpage\",\"url\":\"https:\/\/www.webquarto.com.br\/blog\/procurando-pessoas-interessadas-em-dividir-aluguel\/\",\"name\":\"Procurando pessoas interessadas em dividir aluguel - WebQuarto\",\"isPartOf\":{\"@id\":\"https:\/\/www.webquarto.com.br\/blog\/#website\"},\"datePublished\":\"2020-07-16T18:49:03+00:00\",\"dateModified\":\"2020-07-16T18:49:03+00:00\",\"description\":\"Est\u00e1 pensando em procurar pessoas para dividir aluguel mas n\u00e3o sabe por onde come\u00e7ar? Ent\u00e3o confira as nossas dicas!\",\"breadcrumb\":{\"@id\":\"https:\/\/www.webquarto.com.br\/blog\/procurando-pessoas-interessadas-em-dividir-aluguel\/#breadcrumb\"},\"inLanguage\":\"pt-BR\",\"potentialAction\":[{\"@type\":\"ReadAction\",\"target\":[\"https:\/\/www.webquarto.com.br\/blog\/procurando-pessoas-interessadas-em-dividir-aluguel\/\"]}]},{\"@type\":\"BreadcrumbList\",\"@id\":\"https:\/\/www.webquarto.com.br\/blog\/procurando-pessoas-interessadas-em-dividir-aluguel\/#breadcrumb\",\"itemListElement\":[{\"@type\":\"ListItem\",\"position\":1,\"name\":\"In\u00edcio\",\"item\":\"https:\/\/www.webquarto.com.br\/blog\/\"},{\"@type\":\"ListItem\",\"position\":2,\"name\":\"Procurando pessoas interessadas em dividir aluguel\"}]}]}<\/script>\n<!-- \/ Yoast SEO plugin. -->","yoast_head_json":{"title":"Procurando pessoas interessadas em dividir aluguel - WebQuarto","description":"Est\u00e1 pensando em procurar pessoas para dividir aluguel mas n\u00e3o sabe por onde come\u00e7ar? Ent\u00e3o confira as nossas dicas!","robots":{"index":"index","follow":"follow","max-snippet":"max-snippet:-1","max-image-preview":"max-image-preview:large","max-video-preview":"max-video-preview:-1"},"canonical":"https:\/\/www.webquarto.com.br\/blog\/procurando-pessoas-interessadas-em-dividir-aluguel\/","og_locale":"pt_BR","og_type":"article","og_title":"Procurando pessoas interessadas em dividir aluguel - WebQuarto","og_description":"Est\u00e1 pensando em procurar pessoas para dividir aluguel mas n\u00e3o sabe por onde come\u00e7ar? Ent\u00e3o confira as nossas dicas!","og_url":"https:\/\/www.webquarto.com.br\/blog\/procurando-pessoas-interessadas-em-dividir-aluguel\/","og_site_name":"WebQuarto","twitter_misc":{"Est. tempo de leitura":"4 minutos"},"schema":{"@context":"https:\/\/schema.org","@graph":[{"@type":"WebSite","@id":"https:\/\/www.webquarto.com.br\/blog\/#website","url":"https:\/\/www.webquarto.com.br\/blog\/","name":"WebQuarto","description":"Encontre quartos e apartamentos para dividir em todo o Brasil!","potentialAction":[{"@type":"SearchAction","target":{"@type":"EntryPoint","urlTemplate":"https:\/\/www.webquarto.com.br\/blog\/?s={search_term_string}"},"query-input":"required name=search_term_string"}],"inLanguage":"pt-BR"},{"@type":"WebPage","@id":"https:\/\/www.webquarto.com.br\/blog\/procurando-pessoas-interessadas-em-dividir-aluguel\/#webpage","url":"https:\/\/www.webquarto.com.br\/blog\/procurando-pessoas-interessadas-em-dividir-aluguel\/","name":"Procurando pessoas interessadas em dividir aluguel - WebQuarto","isPartOf":{"@id":"https:\/\/www.webquarto.com.br\/blog\/#website"},"datePublished":"2020-07-16T18:49:03+00:00","dateModified":"2020-07-16T18:49:03+00:00","description":"Est\u00e1 pensando em procurar pessoas para dividir aluguel mas n\u00e3o sabe por onde come\u00e7ar? Ent\u00e3o confira as nossas dicas!","breadcrumb":{"@id":"https:\/\/www.webquarto.com.br\/blog\/procurando-pessoas-interessadas-em-dividir-aluguel\/#breadcrumb"},"inLanguage":"pt-BR","potentialAction":[{"@type":"ReadAction","target":["https:\/\/www.webquarto.com.br\/blog\/procurando-pessoas-interessadas-em-dividir-aluguel\/"]}]},{"@type":"BreadcrumbList","@id":"https:\/\/www.webquarto.com.br\/blog\/procurando-pessoas-interessadas-em-dividir-aluguel\/#breadcrumb","itemListElement":[{"@type":"ListItem","position":1,"name":"In\u00edcio","item":"https:\/\/www.webquarto.com.br\/blog\/"},{"@type":"ListItem","position":2,"name":"Procurando pessoas interessadas em dividir aluguel"}]}]}},"_links":{"self":[{"href":"https:\/\/www.webquarto.com.br\/blog\/wp-json\/wp\/v2\/pages\/592"}],"collection":[{"href":"https:\/\/www.webquarto.com.br\/blog\/wp-json\/wp\/v2\/pages"}],"about":[{"href":"https:\/\/www.webquarto.com.br\/blog\/wp-json\/wp\/v2\/types\/page"}],"author":[{"embeddable":true,"href":"https:\/\/www.webquarto.com.br\/blog\/wp-json\/wp\/v2\/users\/3"}],"replies":[{"embeddable":true,"href":"https:\/\/www.webquarto.com.br\/blog\/wp-json\/wp\/v2\/comments?post=592"}],"version-history":[{"count":2,"href":"https:\/\/www.webquarto.com.br\/blog\/wp-json\/wp\/v2\/pages\/592\/revisions"}],"predecessor-version":[{"id":599,"href":"https:\/\/www.webquarto.com.br\/blog\/wp-json\/wp\/v2\/pages\/592\/revisions\/599"}],"wp:attachment":[{"href":"https:\/\/www.webquarto.com.br\/blog\/wp-json\/wp\/v2\/media?parent=592"}],"curies":[{"name":"wp","href":"https:\/\/api.w.org\/{rel}","templated":true}]}}